{"id":2167,"date":"2016-01-28T12:41:42","date_gmt":"2016-01-28T12:41:42","guid":{"rendered":"https:\/\/www.bejas.es\/?page_id=2167"},"modified":"2016-01-28T12:57:36","modified_gmt":"2016-01-28T12:57:36","slug":"cookies","status":"publish","type":"page","link":"https:\/\/www.bejas.es\/en\/cookies\/","title":{"rendered":"Cookies"},"content":{"rendered":"<div class=\"container\">\n<div class=\"row\">\n<div id=\"content\" class=\"col-sm-12\">\n<h3>Pol\u00edtica de Cookies<\/h3>\n<div><strong>1. Qu\u00e9 es una cookie ?<\/strong><\/div>\n<p lang=\"es-ES\" align=\"JUSTIFY\">Una \u201cCookie\u201d es un peque\u00f1o archivo de texto que un sitio web almacena en el navegador del usuario, facilitando la navegaci\u00f3n por una p\u00e1gina web y son esenciales para el funcionamiento de internet.<\/p>\n<p lang=\"es-ES\" align=\"JUSTIFY\">Las cookies se utilizan, por ejemplo, para validar los registros en la web (recordar usuario y contrase\u00f1a); recordar opciones como tama\u00f1o, idioma, navegador utilizado; analizar los h\u00e1bitos y comportamientos del usuario para mejorar los servicios ofrecidos, o para adecuar los contenidos de una p\u00e1gina web a las preferencias del visitante.<\/p>\n<p lang=\"es-ES\" align=\"JUSTIFY\">Las cookies pueden ser de \u201csesi\u00f3n\u201d, por lo que se borrar\u00e1n una vez el usuario abandone la p\u00e1gina web que las gener\u00f3 o \u201cpersistentes\u201d, que permanecen en su ordenador hasta una fecha determinada. Asimismo las Cookies pueden ser \u201cpropias\u201d, gestionadas por el dominio al que el usuario accede y del que solicita un determinado servicio (en este caso los dominios titularidad de Bejas como propietario del presente dominio) o \u201ccookies de terceros\u201d, enviadas al equipo de usuario desde un dominio diferente al que se accede.<\/p>\n<div class=\"cjk\" lang=\"es-ES\"><strong>2. Tipo de cookies utilizadas en la web de Bejas<\/strong><\/div>\n<p lang=\"es-ES\">Nuestra web utiliza tres tipos de cookies:<\/p>\n<ul>\n<li class=\"western\" lang=\"es-ES\">Cookies propias: son cookies estrictamente necesarias. Permiten la interactuaci\u00f3n del usuario por el sitio web utilizando todas sus funciones.<\/li>\n<li class=\"western\" lang=\"es-ES\">Cookies de rendimiento y an\u00e1lisis: son cookies utilizadas para el an\u00e1lisis, investigaci\u00f3n o estad\u00edsticas con el fin de mejorar la experiencia del sitio web.<\/li>\n<li class=\"western\" lang=\"es-ES\">Cookies de complementos: son cookies utilizadas por complementos externos instalados en la web para su buen funcionamiento.<\/li>\n<\/ul>\n<p class=\"western\" lang=\"es-ES\">Es importante destacar que estas tecnolog\u00edas no son intrusivas, ya que toda la informaci\u00f3n obtenida a trav\u00e9s de las cookies es totalmente an\u00f3nima, y en ning\u00fan caso puede ser asociada a un usuario concreto e identificado. Esta informaci\u00f3n permite a Bejas adaptar y mejorar sus Servicios a los intereses de los usuarios. No obstante, el usuario tiene la opci\u00f3n de impedir la generaci\u00f3n de cookies, mediante la selecci\u00f3n de la correspondiente opci\u00f3n en su programa navegador. Bejas informa que en el caso de que deshabilite el uso de cookies la navegaci\u00f3n puede ser m\u00e1s lenta de lo habitual.<\/p>\n<p class=\"western\">Concretamente, todos los navegadores permiten hacer cambios que permiten desactivar la configuraci\u00f3n de las cookies. Estos ajustes se encuentran ubicados en las \u201copciones\u201d o \u201cpreferencias\u201d del men\u00fa de su navegador. A continuaci\u00f3n le mostramos mediante enlaces la forma de deshabilitar las cookies siguiendo las instrucciones de los navegadores m\u00e1s utilizados:<\/p>\n<p><u><a class=\"western\" href=\"http:\/\/windows.microsoft.com\/es-ES\/windows-vista\/Block-or-allow-cookies\" target=\"_blank\">Internet Explorer<\/a><\/u><br \/>\n<u><a class=\"western\" href=\"http:\/\/support.mozilla.org\/en-US\/kb\/cookies-information-websites-store-on-your-computer?redirectlocale=en-US&amp;redirectslug=Cookies\" target=\"_blank\">Mozilla Firefox<\/a><\/u><br \/>\n<u><a class=\"western\" href=\"https:\/\/support.google.com\/chrome\/answer\/95647?hl=es\" target=\"_blank\">Google Chrome<\/a><\/u><\/p>\n<p class=\"western\" lang=\"es-ES\" align=\"JUSTIFY\">Adem\u00e1s, si usted desea bloquear las cookies anal\u00edticas de Google, puede instalarse un complemento en su navegador desarrollado siguiendo las instrucciones indicadas en el siguiente <u><a class=\"western\" href=\"https:\/\/tools.google.com\/dlpage\/gaoptout\" target=\"_blank\">enlace<\/a><\/u>.<\/p>\n<div><strong>3. Descripci\u00f3n t\u00e9cnica de las cookies utilizadas<\/strong><\/div>\n<p lang=\"es-ES\" align=\"JUSTIFY\">A continuaci\u00f3n se detallan las cookies utilizadas por este sitio web junto con la finalidad y duraci\u00f3n de cada una de ellas:<\/p>\n<table width=\"704\" cellspacing=\"0\" cellpadding=\"5\">\n<colgroup>\n<col width=\"158\" \/>\n<col width=\"232\" \/>\n<col width=\"187\" \/>\n<col width=\"84\" \/> <\/colgroup>\n<tbody>\n<tr>\n<td colspan=\"4\" valign=\"BOTTOM\" width=\"692\" height=\"6\">\n<h5 class=\"western\" lang=\"es-ES\" align=\"CENTER\">Cookies para el funcionamiento de la web<\/h5>\n<\/td>\n<\/tr>\n<tr valign=\"BOTTOM\">\n<td width=\"158\" height=\"7\">\n<h5 class=\"western\" lang=\"es-ES\" align=\"CENTER\">DOMINIO<\/h5>\n<\/td>\n<td width=\"232\">\n<h5 class=\"western\" lang=\"es-ES\" align=\"CENTER\">NOMBRE<\/h5>\n<\/td>\n<td width=\"187\">\n<h5 class=\"western\" lang=\"es-ES\" align=\"CENTER\">FINALIDAD<\/h5>\n<\/td>\n<td width=\"84\">\n<h5 class=\"western\" lang=\"es-ES\" align=\"CENTER\">DURACION<\/h5>\n<\/td>\n<\/tr>\n<tr valign=\"BOTTOM\">\n<td width=\"158\" height=\"7\">\n<p class=\"western\" lang=\"es-ES\">bejas.es<\/p>\n<\/td>\n<td width=\"232\">\n<p class=\"western\" lang=\"es-ES\">language<\/p>\n<\/td>\n<td width=\"187\">\n<p class=\"western\" lang=\"es-ES\">Identificaci\u00f3n de las preferencias del idioma<\/p>\n<\/td>\n<td width=\"84\">\n<p class=\"western\" lang=\"es-ES\">Persistente<\/p>\n<\/td>\n<\/tr>\n<tr>\n<td width=\"158\" height=\"7\">\n<p class=\"western\" lang=\"es-ES\">bejas.es<\/p>\n<\/td>\n<td valign=\"BOTTOM\" width=\"232\">\n<p class=\"western\" lang=\"es-ES\">PHPSESSID; currency<\/p>\n<\/td>\n<td valign=\"BOTTOM\" width=\"187\">\n<p class=\"western\" lang=\"es-ES\">Identificaci\u00f3n del usuario<\/p>\n<\/td>\n<td valign=\"BOTTOM\" width=\"84\">\n<p class=\"western\" lang=\"es-ES\">Persistentes<\/p>\n<\/td>\n<\/tr>\n<tr>\n<td width=\"158\" height=\"7\">\n<p class=\"western\" lang=\"es-ES\">bejas.es<\/p>\n<\/td>\n<td valign=\"BOTTOM\" width=\"232\">\n<p class=\"western\" lang=\"es-ES\">msgcookie<\/p>\n<\/td>\n<td valign=\"BOTTOM\" width=\"187\">\n<p class=\"western\" lang=\"es-ES\">Recordar el consentimiento de cookies<\/p>\n<\/td>\n<td valign=\"BOTTOM\" width=\"84\">\n<p class=\"western\" lang=\"es-ES\">Persistente<\/p>\n<\/td>\n<\/tr>\n<tr>\n<td colspan=\"4\" width=\"692\" height=\"7\">\n<h5 class=\"western\" lang=\"es-ES\" align=\"CENTER\">Cookies Anal\u00edticas de Terceros<\/h5>\n<\/td>\n<\/tr>\n<tr>\n<td width=\"158\" height=\"6\">\n<p class=\"western\" lang=\"es-ES\">bejas.es<\/p>\n<\/td>\n<td width=\"232\">\n<p class=\"western\" lang=\"es-ES\">_utma; _utmb; _utmc; _utmt; _utmz;<\/p>\n<\/td>\n<td valign=\"BOTTOM\" width=\"187\">\n<p class=\"western\" lang=\"es-ES\">Determinar a visitantes \u00fanicos a este sitio web y se actualiza con cada visita a una p\u00e1gina. Saber la referencia por la que el usuario llego a la web, ya sea a trav\u00e9s de un m\u00e9todo directo, un enlace de referencia, una b\u00fasqueda web.<\/p>\n<p class=\"western\" lang=\"es-ES\">Realizar anal\u00edticas web a trav\u00e9s de la tecnolog\u00eda de Google Analythics.<\/p>\n<\/td>\n<td width=\"84\">\n<p class=\"western\" lang=\"es-ES\">Persistentes<\/p>\n<\/td>\n<\/tr>\n<\/tbody>\n<\/table>\n<p class=\"western\" lang=\"es-ES\">Recomendamos a todos los usuarios que accedan a las pol\u00edticas de privacidad de cada proveedor de los servicios para que obtenga mayor informaci\u00f3n <a href=\"http:\/\/www.google.es\/intl\/es\/policies\/privacy\" target=\"_blank\">http:\/\/www.google.es\/intl\/es\/policies\/privacy<\/a>.<\/p>\n<div><strong>4. M\u00e1s informaci\u00f3n<\/strong><\/div>\n<p>&nbsp;<\/p>\n<p>Cualquier usuario que tenga cualquier duda acerca de estas tecnolog\u00edas puede remitirnos la consulta a trav\u00e9s del email bejas@bejas.esm<\/p>\n<\/div>\n<\/div>\n<\/div>\n","protected":false},"excerpt":{"rendered":"<p>Pol\u00edtica de Cookies 1. Qu\u00e9 es una cookie ? Una \u201cCookie\u201d es un peque\u00f1o archivo de texto que un sitio web almacena en el navegador del usuario, facilitando la navegaci\u00f3n por una p\u00e1gina web y son esenciales para el funcionamiento de internet. Las cookies se utilizan, por ejemplo, para validar los registros en la web [&hellip;]<\/p>\n","protected":false},"author":1,"featured_media":0,"parent":0,"menu_order":0,"comment_status":"closed","ping_status":"closed","template":"","meta":{"footnotes":""},"class_list":["post-2167","page","type-page","status-publish","hentry"],"_links":{"self":[{"href":"https:\/\/www.bejas.es\/en\/wp-json\/wp\/v2\/pages\/2167","targetHints":{"allow":["GET"]}}],"collection":[{"href":"https:\/\/www.bejas.es\/en\/wp-json\/wp\/v2\/pages"}],"about":[{"href":"https:\/\/www.bejas.es\/en\/wp-json\/wp\/v2\/types\/page"}],"author":[{"embeddable":true,"href":"https:\/\/www.bejas.es\/en\/wp-json\/wp\/v2\/users\/1"}],"replies":[{"embeddable":true,"href":"https:\/\/www.bejas.es\/en\/wp-json\/wp\/v2\/comments?post=2167"}],"version-history":[{"count":3,"href":"https:\/\/www.bejas.es\/en\/wp-json\/wp\/v2\/pages\/2167\/revisions"}],"predecessor-version":[{"id":2172,"href":"https:\/\/www.bejas.es\/en\/wp-json\/wp\/v2\/pages\/2167\/revisions\/2172"}],"wp:attachment":[{"href":"https:\/\/www.bejas.es\/en\/wp-json\/wp\/v2\/media?parent=2167"}],"curies":[{"name":"wp","href":"https:\/\/api.w.org\/{rel}","templated":true}]}}