{"id":2169,"date":"2016-01-28T12:56:29","date_gmt":"2016-01-28T12:56:29","guid":{"rendered":"https:\/\/www.bejas.es\/?page_id=2169"},"modified":"2020-10-29T10:29:11","modified_gmt":"2020-10-29T10:29:11","slug":"aviso-legal","status":"publish","type":"page","link":"https:\/\/www.bejas.es\/en\/aviso-legal\/","title":{"rendered":"Privacy Policy"},"content":{"rendered":"<div class=\"container\">\n<div class=\"row\">\n<div id=\"content\" class=\"col-sm-12\">\n<h4>Aviso Legal<\/h4>\n<p>Bejas, tiene su domicilio social en la Bayona (Francia)<\/p>\n<p>Todos los contenidos incluidos en esta web son s\u00f3lo informaci\u00f3n general de referencia y Bejasse reserva el derecho a modificarla sin previo aviso.<\/p>\n<p>Bejas no se hace responsable del uso o consecuencias que puedan ocasionar la utilizaci\u00f3n de sus contenidos por parte de terceros.<\/p>\n<p>Toda la informaci\u00f3n publicada en esta web es propiedad de Bejas y no se permite ninguna copia ni utilizaci\u00f3n sin el permiso por escrito de Vicente Trilles.<\/p>\n<p>\u00a0<\/p>\n<div><strong>Protecci\u00f3n de datos:<\/strong><\/div>\n<p>\u00a0<\/p>\n<p>Sus datos ser\u00e1n incorporados a un fichero del que es responsable Bejas, con el fin de gestionar su solicitud y el mantenimiento de las relaciones profesionales y comerciales con usted. Los usuarios cuyos datos sean objeto de tratamiento podr\u00e1n ejercitar gratuitamente los derechos de acceso e informaci\u00f3n, rectificaci\u00f3n, cancelaci\u00f3n y oposici\u00f3n de sus datos en los t\u00e9rminos especificados en la Ley Org\u00e1nica 15\/199 de protecci\u00f3n de datos de car\u00e1cter Personal, conforme al procedimiento legalmente establecido. estos derechos podr\u00e1n ser ejercitados dirigiendo comunicado por escrito, debidamente firmada, acompa\u00f1ada de fotocopia del DNI, a Bejas con la referencia &#8220;LOPD&#8221;.\u00a0 Plaza del Mercado n\u00ba28, 46001, Valencia, Espa\u00f1a<\/p>\n<p>\u00a0<\/p>\n<div><strong>Para cualquier sugerencia escribanos a trav\u00e9s del formulario de contacto de la p\u00e1gina web.<\/strong><\/div>\n<\/div>\n<\/div>\n<\/div>\n\n","protected":false},"excerpt":{"rendered":"<p>Aviso Legal Bejas, tiene su domicilio social en la Bayona (Francia) Todos los contenidos incluidos en esta web son s\u00f3lo informaci\u00f3n general de referencia y Bejasse reserva el derecho a modificarla sin previo aviso. Bejas no se hace responsable del uso o consecuencias que puedan ocasionar la utilizaci\u00f3n de sus contenidos por parte de terceros. [&hellip;]<\/p>\n","protected":false},"author":1,"featured_media":0,"parent":0,"menu_order":0,"comment_status":"closed","ping_status":"closed","template":"","meta":{"footnotes":""},"class_list":["post-2169","page","type-page","status-publish","hentry"],"_links":{"self":[{"href":"https:\/\/www.bejas.es\/en\/wp-json\/wp\/v2\/pages\/2169","targetHints":{"allow":["GET"]}}],"collection":[{"href":"https:\/\/www.bejas.es\/en\/wp-json\/wp\/v2\/pages"}],"about":[{"href":"https:\/\/www.bejas.es\/en\/wp-json\/wp\/v2\/types\/page"}],"author":[{"embeddable":true,"href":"https:\/\/www.bejas.es\/en\/wp-json\/wp\/v2\/users\/1"}],"replies":[{"embeddable":true,"href":"https:\/\/www.bejas.es\/en\/wp-json\/wp\/v2\/comments?post=2169"}],"version-history":[{"count":6,"href":"https:\/\/www.bejas.es\/en\/wp-json\/wp\/v2\/pages\/2169\/revisions"}],"predecessor-version":[{"id":2680,"href":"https:\/\/www.bejas.es\/en\/wp-json\/wp\/v2\/pages\/2169\/revisions\/2680"}],"wp:attachment":[{"href":"https:\/\/www.bejas.es\/en\/wp-json\/wp\/v2\/media?parent=2169"}],"curies":[{"name":"wp","href":"https:\/\/api.w.org\/{rel}","templated":true}]}}